{"id":1432,"date":"2023-07-26T09:34:50","date_gmt":"2023-07-26T07:34:50","guid":{"rendered":"https:\/\/ibmpan.pl\/bip\/?page_id=1432"},"modified":"2025-09-03T13:20:28","modified_gmt":"2025-09-03T11:20:28","slug":"kierownictwo","status":"publish","type":"page","link":"https:\/\/ibmpan.pl\/bip\/kierownictwo\/","title":{"rendered":"Kierownictwo"},"content":{"rendered":"<h4><strong>Dyrekcja<\/strong><\/h4>\n<p>Dyrektor Instytutu \u2013 <strong>prof. dr hab. Jaros\u0142aw Dastych<br \/>\n<\/strong>Zast\u0119pca Dyrektora ds. naukowych \u2013 <strong>prof. dr hab. Jaros\u0142aw Dziadek<br \/>\n<\/strong>G\u0142\u00f3wny Ksi\u0119gowy \u2013 <strong>mgr Kinga Czerwi\u0144ska<\/strong><\/p>\n<h4><strong>Kierownicy Pracowni i Laboratori\u00f3w<\/strong><\/h4>\n<p><strong>PRACOWNIE:<\/strong><\/p>\n<ol>\n<li>Biologii Molekularnej i Kom\u00f3rkowej \u2013\u00a0<strong>prof. dr hab. Magdalena Klink<\/strong><\/li>\n<li>Chemii Medycznej \u2013\u00a0<strong>prof. dr hab. Zbigniew J. Le\u015bnikowski<\/strong><\/li>\n<li>Cyklu Kom\u00f3rkowego \u2013\u00a0<strong>dr Urszula McClurg<\/strong><\/li>\n<li>Epigenetyki \u2013\u00a0<strong>dr hab. Marcin Ratajewski, prof. IBM PAN<\/strong><\/li>\n<li>Genetyki i Fizjologii Mycobacterium \u2013\u00a0<strong>prof. dr hab. Jaros\u0142aw Dziadek<\/strong><\/li>\n<li>Genetyki Molekularnej \u2013\u00a0<strong>prof. dr hab. Pawe\u0142 Parniewski<\/strong><\/li>\n<li>Immunobiologii Zaka\u017ce\u0144 \u2013\u00a0<strong>prof. dr hab. Maciej Cedzy\u0144ski<\/strong><\/li>\n<li>Immunologii Kom\u00f3rkowej \u2013\u00a0<strong>prof. dr hab. Jaros\u0142aw Dastych<\/strong><\/li>\n<li>Regulacji Transkrypcyjnej \u2013\u00a0<strong>dr hab. \u0141ukasz Pu\u0142aski, prof. IBM PAN<\/strong><\/li>\n<li>Skriningowa \u2013\u00a0<strong>prof. dr hab. Agnieszka Olejniczak<\/strong><\/li>\n<li>Sygnalizacji Kom\u00f3rkowej \u2013\u00a0<strong>prof. dr hab. Joanna Boncela<\/strong><\/li>\n<li>Wirusologii \u2013\u00a0<strong>prof.\u00a0dr hab. Edyta Paradowska<\/strong><\/li>\n<\/ol>\n<p><strong>LABORATORIA:<\/strong><\/p>\n<ol>\n<li>Modelowania molekularnego \u2013\u00a0<strong>dr Rafa\u0142 Bachorz<\/strong><\/li>\n<li>Test\u00f3w Przesiewowych i Alternatywnych \u2013\u00a0<strong>dr Aurelia Walczak-Drzewiecka\u00a0<\/strong><\/li>\n<\/ol>\n","protected":false},"excerpt":{"rendered":"<p>Dyrekcja Dyrektor Instytutu \u2013 prof. dr hab. Jaros\u0142aw Dastych Zast\u0119pca Dyrektora ds. naukowych \u2013 prof. dr hab. Jaros\u0142aw Dziadek G\u0142\u00f3wny Ksi\u0119gowy \u2013 mgr Kinga Czerwi\u0144ska Kierownicy Pracowni i Laboratori\u00f3w PRACOWNIE:&#8230;<\/p>\n","protected":false},"author":1,"featured_media":0,"parent":0,"menu_order":0,"comment_status":"closed","ping_status":"closed","template":"","meta":{"footnotes":""},"_links":{"self":[{"href":"https:\/\/ibmpan.pl\/bip\/wp-json\/wp\/v2\/pages\/1432"}],"collection":[{"href":"https:\/\/ibmpan.pl\/bip\/wp-json\/wp\/v2\/pages"}],"about":[{"href":"https:\/\/ibmpan.pl\/bip\/wp-json\/wp\/v2\/types\/page"}],"author":[{"embeddable":true,"href":"https:\/\/ibmpan.pl\/bip\/wp-json\/wp\/v2\/users\/1"}],"replies":[{"embeddable":true,"href":"https:\/\/ibmpan.pl\/bip\/wp-json\/wp\/v2\/comments?post=1432"}],"version-history":[{"count":4,"href":"https:\/\/ibmpan.pl\/bip\/wp-json\/wp\/v2\/pages\/1432\/revisions"}],"predecessor-version":[{"id":2920,"href":"https:\/\/ibmpan.pl\/bip\/wp-json\/wp\/v2\/pages\/1432\/revisions\/2920"}],"wp:attachment":[{"href":"https:\/\/ibmpan.pl\/bip\/wp-json\/wp\/v2\/media?parent=1432"}],"curies":[{"name":"wp","href":"https:\/\/api.w.org\/{rel}","templated":true}]}}