{"id":1428,"date":"2023-07-26T09:34:16","date_gmt":"2023-07-26T07:34:16","guid":{"rendered":"https:\/\/ibmpan.pl\/bip\/?page_id=1428"},"modified":"2025-09-03T13:22:12","modified_gmt":"2025-09-03T11:22:12","slug":"informacje-ogolne","status":"publish","type":"page","link":"https:\/\/ibmpan.pl\/bip\/informacje-ogolne\/","title":{"rendered":"Informacje og\u00f3lne"},"content":{"rendered":"<p><strong>Przedmiotem dzia\u0142alno\u015bci Instytutu jest prowadzenie bada\u0144 naukowych<\/strong> w zakresie nauk biomedycznych skupionych na wyja\u015bnieniu podstawowych mechanizm\u00f3w molekularnych proces\u00f3w fizjologicznych i patofizjologicznych oraz biotechnologii medycznej. Plac\u00f3wka dzia\u0142a na rzecz rozwoju w\/w dziedzin nauki, zajmuje si\u0119 prowadzeniem nowoczesnych bada\u0144 podstawowych i aplikacyjnych, w szczeg\u00f3lno\u015bci prac badawczych w zakresie: biologii i biotechnologii medycznej bada\u0144 relacji organizm-\u015brodowisko oraz bada\u0144 na styku patogen-gospodarz na poziomie molekularnym, kom\u00f3rkowym i na poziomie organizmu, w dziedzinach: nauk medycznych, nauk biologicznych, nauk chemicznych i nauk farmaceutycznych.<\/p>\n<p><strong>Uprawiane specjalno\u015bci:<\/strong> biologia medyczna, farmakologia, mikrobiologia, wirusologia molekularna, biologia molekularna, genetyka i fizjologia drobnoustroj\u00f3w, immunologia, immunobiologia zaka\u017ce\u0144, chemia medyczna i biologiczna, struktura i funkcja DNA, struktury kom\u00f3rkowe bakterii.<\/p>\n<p>IBM PAN posiada specjalne urz\u0105dzenie badawcze (SPUB) pn.: <strong>\u201eInfrastruktura do prowadzenia i utrzymania kolekcji hodowli kom\u00f3rkowych, kolekcji szczep\u00f3w bakteryjnych i wirusowych oraz plazmid\u00f3w, jako unikatowego miejsca badawczego o og\u00f3lnokrajowym znaczeniu\u201d<\/strong> w postaci biblioteki rekombinowanych linii reporterowych, rekombinowanych szczep\u00f3w bakteryjnych oraz szczep\u00f3w wirusowych.<\/p>\n<p><strong>Prace badawcze Instytutu prowadzone s\u0105 w 12 pracowniach oraz 2 laboratoriach.<\/strong><\/p>\n<p>Instytut Biologii Medycznej PAN posiada <strong>bibliotek\u0119 naukow\u0105<\/strong> znajduj\u0105c\u0105 si\u0119 w budynku <strong>przy ul. Tylnej 3<\/strong> (<strong>w ramach Centralnej Biblioteki Plac\u00f3wek PAN w \u0141odzi<\/strong>) oraz <strong>przy ul. Lodowej 106<\/strong>. Biblioteka gromadzi literatur\u0119 fachow\u0105, g\u0142\u00f3wnie w j\u0119zyku angielskim z nast\u0119puj\u0105cych dziedzin: biochemia, alergologia, immunologia, farmakologia, neurologia, fizjologia i dziedziny pokrewne oraz biotechnologia, genetyka, wirusologia, mikrobiologia i chemia organiczna.<\/p>\n<p>W Instytucie Biologii Medycznej PAN dzia\u0142a <strong>Archiwum Zak\u0142adowe<\/strong> gromadz\u0105ce tak\u017ce dokumentacj\u0119 zlikwidowanych plac\u00f3wek: Centrum Mikrobiologii i Wirusologii PAN oraz Zak\u0142adu Amin Biogennych PAN.<\/p>\n<p>W IBM PAN dzia\u0142aj\u0105 <strong>Zak\u0142ady In\u017cynierii Genetycznej<\/strong> w zwi\u0105zku z prowadzeniem prac badawczych z zamkni\u0119tym u\u017cyciem GMM, zaliczanych od I do III kategorii zagro\u017cenia dla zdrowia ludzi i \u015brodowiska na podstawie Ustawy z dnia 22 czerwca 2001 roku o mikroorganizmach i organizmach genetycznie zmodyfikowanych (Dz. U. z 2001. Nr 76 poz. 811 z p\u00f3\u017aniejszymi zmianami).<br \/>\nInstytut Biologii Medycznej PAN b\u0119d\u0105c cz\u0142onkiem konsorcjum i partnerem w projekcie <strong>EU-OPENSCREEN<\/strong> \u201eEuropejska infrastruktura otwartych platform screeningowych w biologii chemicznej\u201d realizowanym w ramach 7 Programu Ramowego (SP4 Capacities, Theme INFRA -2010-2.2.6, Combination of CSA Construction of New Research Infrastructures \u2013 Preparatory Phase, numer kontraktu 261281) i koordynatorem polskiego konsorcjum <strong>POL-OPENSCREEN<\/strong> wchodz\u0105cego w sk\u0142ad konsorcjum mi\u0119dzynarodowego EU-OPENSCREEN <strong>zosta\u0142 umieszczony na li\u015bcie projekt\u00f3w Polskiej Mapy Drogowej Infrastruktury Badawczej<\/strong>, uszeregowanej wg strategicznych obszar\u00f3w bada\u0144, zatwierdzonej przez Ministra Nauki i Szkolnictwa Wy\u017cszego.<\/p>\n<p>Obszar bada\u0144 dotycz\u0105cy Instytutu Biologii Medycznej PAN to \u201eWydajna ochrona zdrowia i wzrost efektywno\u015bci dzia\u0142a\u0144 prozdrowotnych\u201d (badania mechanizm\u00f3w powstawania, rozw\u00f3j profilaktyki i diagnostyki oraz metod leczenia chor\u00f3b cywilizacyjnych i infekcyjnych oraz szczeg\u00f3lnie gro\u017anych; rozw\u00f3j farmakoterapii i badania nad lekoodporno\u015bci\u0105; rozw\u00f3j technologii dla bezpiecznej i prozdrowotnej \u017cywno\u015bci; rozw\u00f3j i zastosowanie technologii informatycznych w naukach bio-medycznych).<\/p>\n<p><strong>W dniu 20 marca 2018 roku Komisja Europejska podj\u0119\u0142a decyzj\u0119 o nadaniu Konsorcjum EU-OPENSCREEN statusu europejskiego konsorcjum infrastruktury badawczej, European Research Infrastructure Consortium (ERIC). Polska, decyzj\u0105 Ministerstwa Nauki i Szkolnictwa Wy\u017cszego jest jednym z kraj\u00f3w cz\u0142onk\u00f3w za\u0142o\u017cycieli EU-OPENSCREEN ERIC.<\/strong><\/p>\n","protected":false},"excerpt":{"rendered":"<p>Przedmiotem dzia\u0142alno\u015bci Instytutu jest prowadzenie bada\u0144 naukowych w zakresie nauk biomedycznych skupionych na wyja\u015bnieniu podstawowych mechanizm\u00f3w molekularnych proces\u00f3w fizjologicznych i patofizjologicznych oraz biotechnologii medycznej. Plac\u00f3wka dzia\u0142a na rzecz rozwoju w\/w&#8230;<\/p>\n","protected":false},"author":1,"featured_media":0,"parent":0,"menu_order":0,"comment_status":"closed","ping_status":"closed","template":"","meta":{"footnotes":""},"_links":{"self":[{"href":"https:\/\/ibmpan.pl\/bip\/wp-json\/wp\/v2\/pages\/1428"}],"collection":[{"href":"https:\/\/ibmpan.pl\/bip\/wp-json\/wp\/v2\/pages"}],"about":[{"href":"https:\/\/ibmpan.pl\/bip\/wp-json\/wp\/v2\/types\/page"}],"author":[{"embeddable":true,"href":"https:\/\/ibmpan.pl\/bip\/wp-json\/wp\/v2\/users\/1"}],"replies":[{"embeddable":true,"href":"https:\/\/ibmpan.pl\/bip\/wp-json\/wp\/v2\/comments?post=1428"}],"version-history":[{"count":3,"href":"https:\/\/ibmpan.pl\/bip\/wp-json\/wp\/v2\/pages\/1428\/revisions"}],"predecessor-version":[{"id":2921,"href":"https:\/\/ibmpan.pl\/bip\/wp-json\/wp\/v2\/pages\/1428\/revisions\/2921"}],"wp:attachment":[{"href":"https:\/\/ibmpan.pl\/bip\/wp-json\/wp\/v2\/media?parent=1428"}],"curies":[{"name":"wp","href":"https:\/\/api.w.org\/{rel}","templated":true}]}}